{"id":8,"date":"2024-11-07T09:21:10","date_gmt":"2024-11-07T09:21:10","guid":{"rendered":"https:\/\/luchogigolo.com\/?page_id=8"},"modified":"2026-04-08T10:56:14","modified_gmt":"2026-04-08T10:56:14","slug":"inicio","status":"publish","type":"page","link":"https:\/\/luchogigolo.com\/","title":{"rendered":"Lucho Gigolos"},"content":{"rendered":"\n<div class=\"wp-block-uagb-container uagb-block-494c42c4 alignfull uagb-is-root-container\"><div class=\"uagb-container-inner-blocks-wrap\">\n<div class=\"wp-block-uagb-info-box uagb-block-cd2517a4 uagb-infobox__content-wrap  uagb-infobox-icon-above-title uagb-infobox-image-valign-top wp-block-uagb-info-box--has-margin\"><div class=\"uagb-infobox-margin-wrapper\"><div class=\"uagb-ifb-content\"><div class=\"uagb-ifb-title-wrap\"><p class=\"uagb-ifb-title-prefix\">AGENCIA N\u00b01<\/p><h1 class=\"uagb-ifb-title\">DE GIGOLOS <br>EN BARCELONA<\/h1><\/div><p class=\"uagb-ifb-desc\">Y CHICOS DE COMPA\u00d1IA PREMIUM<\/p><\/div><\/div><\/div>\n<\/div><\/div>\n\n\n\n<div class=\"wp-block-uagb-container uagb-block-fb32e4bf alignfull uagb-is-root-container\"><div class=\"uagb-container-inner-blocks-wrap\">\n<div class=\"wp-block-uagb-container uagb-block-4fbd9e9b\">\n<div class=\"wp-block-uagb-info-box uagb-block-6ff6c89d uagb-infobox__content-wrap  uagb-infobox-icon-above-title uagb-infobox-image-valign-top\"><div class=\"uagb-ifb-content\"><div class=\"uagb-ifb-title-wrap\"><h2 class=\"uagb-ifb-title\"><strong>Bienvenidos a Lucho Gigolos: Tu Agencia de<\/strong><br><strong>Acompa\u00f1antes Masculinos Premium<\/strong><\/h2><\/div><\/div><\/div>\n<\/div>\n\n\n\n<div class=\"wp-block-uagb-info-box uagb-block-54aaf525 uagb-infobox__content-wrap  uagb-infobox-icon-below-title uagb-infobox-image-valign-top\"><div class=\"uagb-ifb-content\"><div class=\"uagb-ifb-title-wrap\"><p class=\"uagb-ifb-title\">\u00abHola, soy Lucho. Tras <strong>m\u00e1s de 15 a\u00f1os de experiencia<\/strong> en el sector de los encuentros exclusivos, s\u00e9 exactamente lo que buscas: discreci\u00f3n absoluta, un trato exquisito y una experiencia inolvidable que supere todas tus expectativas.<br><br>Somos la primera agencia internacional en contar exclusivamente con <strong>chicos de compa\u00f1\u00eda top<\/strong>. Nuestro cat\u00e1logo est\u00e1 formado por perfiles cuidadosamente seleccionados, siendo la gran mayor\u00eda de ellos reconocidos <strong>actores de cine adulto<\/strong>. Esto no es casualidad; es mi garant\u00eda personal para asegurarte un nivel de rendimiento, est\u00e9tica y saber estar con el m\u00e1s alto est\u00e1ndar de calidad europea.<br><br>Nuestros servicios est\u00e1n dise\u00f1ados a medida y son <strong>exclusivos para mujeres y parejas heterosexuales<\/strong> que desean salir de la rutina y vivir una experiencia \u00fanica, segura y especial. Cuidamos cada detalle de forma excepcional para que t\u00fa solo te preocupes de disfrutar.<br><br>Desde una cena rom\u00e1ntica hasta fantas\u00edas privadas, nuestra experiencia, total confidencialidad y una incomparable atenci\u00f3n al cliente te garantizan un <strong>servicio VIP de principio a fin<\/strong>.<br><br>Si est\u00e1s buscando una experiencia superior con <strong>acompa\u00f1antes masculinos de alto standing y escorts de lujo<\/strong>, no hace falta que busques m\u00e1s. En mi agencia me dedico personalmente a proporcionarte a los mejores gigol\u00f3s del continente.\u00bb<\/p><\/div><div class=\"uagb-ifb-image-content\"><img decoding=\"async\" src=\"https:\/\/luchogigolo.com\/wp-content\/uploads\/2024\/11\/IMG_1264-150x150.jpg\" alt=\"\" width=\"90\" height=\"90\" loading=\"lazy\"\/><\/div><div class=\"uagb-ifb-button-wrapper wp-block-button\"><a href=\"#\" target=\"_self\" onclick=\"return false;\" class=\"uagb-infobox-cta-link\" rel=\"noopener noreferrer\"><span class=\"uagb-inline-editing\">Juan Lucho<\/span><\/a><\/div><\/div><\/div>\n<\/div><\/div>\n\n\n\n<div data-aos= \"fade-right\" data-aos-duration=\"400\" data-aos-delay=\"0\" data-aos-easing=\"ease\" data-aos-once=\"true\" class=\"wp-block-uagb-container uag-blocks-common-selector uagb-block-ffkphsrq alignfull uagb-is-root-container\"><div class=\"uagb-container-inner-blocks-wrap\">\n<div class=\"wp-block-uagb-info-box uagb-block-xkg2dpnl uagb-infobox__content-wrap  uagb-infobox-icon-above-title uagb-infobox-image-valign-top wp-block-uagb-info-box--has-margin abrir-eventos\"><div class=\"uagb-infobox-margin-wrapper\"><div class=\"uagb-ifb-content\"><div class=\"uagb-ifb-icon-wrap\"><svg xmlns=\"https:\/\/www.w3.org\/2000\/svg\" viewBox=\"0 0 448 512\"><path d=\"M160 32V64H288V32C288 14.33 302.3 0 320 0C337.7 0 352 14.33 352 32V64H400C426.5 64 448 85.49 448 112V160H0V112C0 85.49 21.49 64 48 64H96V32C96 14.33 110.3 0 128 0C145.7 0 160 14.33 160 32zM0 192H448V464C448 490.5 426.5 512 400 512H48C21.49 512 0 490.5 0 464V192zM64 304C64 312.8 71.16 320 80 320H112C120.8 320 128 312.8 128 304V272C128 263.2 120.8 256 112 256H80C71.16 256 64 263.2 64 272V304zM192 304C192 312.8 199.2 320 208 320H240C248.8 320 256 312.8 256 304V272C256 263.2 248.8 256 240 256H208C199.2 256 192 263.2 192 272V304zM336 256C327.2 256 320 263.2 320 272V304C320 312.8 327.2 320 336 320H368C376.8 320 384 312.8 384 304V272C384 263.2 376.8 256 368 256H336zM64 432C64 440.8 71.16 448 80 448H112C120.8 448 128 440.8 128 432V400C128 391.2 120.8 384 112 384H80C71.16 384 64 391.2 64 400V432zM208 384C199.2 384 192 391.2 192 400V432C192 440.8 199.2 448 208 448H240C248.8 448 256 440.8 256 432V400C256 391.2 248.8 384 240 384H208zM320 432C320 440.8 327.2 448 336 448H368C376.8 448 384 440.8 384 432V400C384 391.2 376.8 384 368 384H336C327.2 384 320 391.2 320 400V432z\"><\/path><\/svg><\/div><div class=\"uagb-ifb-title-wrap\"><h3 class=\"uagb-ifb-title\">EVENTOS<\/h3><\/div><\/div><\/div><\/div>\n\n\n\n<div class=\"wp-block-uagb-info-box uagb-block-8a935f41 uagb-infobox__content-wrap  uagb-infobox-icon-above-title uagb-infobox-image-valign-top wp-block-uagb-info-box--has-margin abrir-masajes\"><div class=\"uagb-infobox-margin-wrapper\"><div class=\"uagb-ifb-content\"><div class=\"uagb-ifb-icon-wrap\"><svg xmlns=\"https:\/\/www.w3.org\/2000\/svg\" viewBox=\"0 0 640 512\"><path d=\"M448 432c0-14.25 8.547-28.14 21.28-34.55l39.56-16.56l15.64-37.52c4.461-9.037 11.45-15.37 19.43-19.23L544 128c0-17.67-14.33-32-32-32s-32 14.33-32 32l-.0156 112c0 8.836-7.148 16-15.98 16s-16.07-7.164-16.07-16L448 64c0-17.67-14.33-32-32-32s-32 14.33-32 32l-.0635 176c0 8.836-7.106 16-15.94 16S351.9 248.8 351.9 240L352 32c0-17.67-14.33-32-32-32S288 14.33 288 32L287.9 240C287.9 248.8 280.8 256 272 256S255.9 248.8 255.9 240L256 64c0-17.67-14.33-32-32-32S192 46.33 192 64v279.4L132.3 283.7C124.5 275.9 114.2 272 104 272C82.68 272 64 289.2 64 312c0 10.23 3.906 20.47 11.72 28.28l113.1 113.1C226.6 491.2 276.9 512 330.3 512H368c42.72 0 81.91-15.32 112.4-40.73l-9.049-3.773C456.6 460.1 448 446.3 448 432zM349.8 371.6L320 383.1l-12.42 29.78C306.1 415 305.4 416 304 416s-2.969-.9941-3.578-2.219L288 383.1l-29.79-12.42C256.1 370.1 256 369.4 256 367.1c0-1.365 .9922-2.967 2.209-3.577L288 352l12.42-29.79C301 320.1 302.6 320 304 320s2.967 .9902 3.578 2.217L320 352l29.79 12.42C351 365 352 366.6 352 367.1C352 369.4 351 370.1 349.8 371.6zM80 224c2.277 0 4.943-1.656 5.959-3.699l20.7-49.63l49.65-20.71c2.027-1.014 3.682-3.696 3.686-5.958C159.1 141.7 158.3 139.1 156.3 138L106.7 117.4L85.96 67.7C84.94 65.65 82.28 64 80 64C77.72 64 75.05 65.65 74.04 67.7L53.34 117.3L3.695 138C1.668 139.1 .0117 141.7 .0078 143.1c.0039 2.262 1.662 4.953 3.688 5.967l49.57 20.67l20.77 49.67C75.05 222.3 77.72 224 80 224zM639.1 432c-.0039-2.275-1.657-4.952-3.687-5.968l-49.57-20.67l-20.77-49.67C564.9 353.7 562.3 352 560 352c-2.281 0-4.959 1.652-5.975 3.695l-20.7 49.63l-49.64 20.71c-2.027 1.016-3.682 3.683-3.686 5.958c.0039 2.262 1.661 4.954 3.686 5.968l49.57 20.67l20.77 49.67C555.1 510.3 557.7 512 560 512c2.277 0 4.933-1.656 5.949-3.699l20.7-49.63l49.65-20.71C638.3 436.9 639.1 434.3 639.1 432z\"><\/path><\/svg><\/div><div class=\"uagb-ifb-title-wrap\"><h3 class=\"uagb-ifb-title\">MASAJES<\/h3><\/div><\/div><\/div><\/div>\n\n\n\n<div class=\"wp-block-uagb-info-box uagb-block-aca2ae71 uagb-infobox__content-wrap  uagb-infobox-icon-above-title uagb-infobox-image-valign-top wp-block-uagb-info-box--has-margin abrir-viajes\"><div class=\"uagb-infobox-margin-wrapper\"><div class=\"uagb-ifb-content\"><div class=\"uagb-ifb-icon-wrap\"><svg xmlns=\"https:\/\/www.w3.org\/2000\/svg\" viewBox=\"0 0 576 512\"><path d=\"M482.3 192C516.5 192 576 221 576 256C576 292 516.5 320 482.3 320H365.7L265.2 495.9C259.5 505.8 248.9 512 237.4 512H181.2C170.6 512 162.9 501.8 165.8 491.6L214.9 320H112L68.8 377.6C65.78 381.6 61.04 384 56 384H14.03C6.284 384 0 377.7 0 369.1C0 368.7 .1818 367.4 .5398 366.1L32 256L.5398 145.9C.1818 144.6 0 143.3 0 142C0 134.3 6.284 128 14.03 128H56C61.04 128 65.78 130.4 68.8 134.4L112 192H214.9L165.8 20.4C162.9 10.17 170.6 0 181.2 0H237.4C248.9 0 259.5 6.153 265.2 16.12L365.7 192H482.3z\"><\/path><\/svg><\/div><div class=\"uagb-ifb-title-wrap\"><h3 class=\"uagb-ifb-title\">VIAJES<\/h3><\/div><\/div><\/div><\/div>\n\n\n\n<div class=\"wp-block-uagb-container uagb-block-dc4cf084\">\n<div class=\"wp-block-uagb-info-box uagb-block-27093a2f uagb-infobox__content-wrap  uagb-infobox-icon-above-title uagb-infobox-image-valign-top abrir-gangbang\"><div class=\"uagb-ifb-content\"><div class=\"uagb-ifb-icon-wrap\"><svg xmlns=\"https:\/\/www.w3.org\/2000\/svg\" viewBox=\"0 0 384 512\"><path d=\"M384 319.1C384 425.9 297.9 512 192 512s-192-86.13-192-192c0-58.67 27.82-106.8 54.57-134.1C69.54 169.3 96 179.8 96 201.5v85.5c0 35.17 27.97 64.5 63.16 64.94C194.9 352.5 224 323.6 224 288c0-88-175.1-96.12-52.15-277.2c13.5-19.72 44.15-10.77 44.15 13.03C215.1 127 384 149.7 384 319.1z\"><\/path><\/svg><\/div><div class=\"uagb-ifb-title-wrap\"><h3 class=\"uagb-ifb-title\">GANGBANG<\/h3><\/div><\/div><\/div>\n<\/div>\n<\/div><\/div>\n\n\n\n<div data-aos= \"fade-left\" data-aos-duration=\"400\" data-aos-delay=\"0\" data-aos-easing=\"ease\" data-aos-once=\"true\" class=\"wp-block-uagb-container uagb-block-0104098d alignfull uagb-is-root-container\"><div class=\"uagb-container-inner-blocks-wrap\">\n<div class=\"wp-block-uagb-info-box uagb-block-dd917971 uagb-infobox__content-wrap  uagb-infobox-icon-above-title uagb-infobox-image-valign-top wp-block-uagb-info-box--has-margin\"><div class=\"uagb-infobox-margin-wrapper\"><div class=\"uagb-ifb-content\"><div class=\"uagb-ifb-icon-wrap\"><svg xmlns=\"https:\/\/www.w3.org\/2000\/svg\" viewBox=\"0 0 640 512\"><path d=\"M184 88C184 118.9 158.9 144 128 144C97.07 144 72 118.9 72 88C72 57.07 97.07 32 128 32C158.9 32 184 57.07 184 88zM208.4 196.3C178.7 222.7 160 261.2 160 304C160 338.3 171.1 369.8 192 394.5V416C192 433.7 177.7 448 160 448H96C78.33 448 64 433.7 64 416V389.2C26.16 371.2 0 332.7 0 288C0 226.1 50.14 176 112 176H144C167.1 176 190.2 183.5 208.4 196.3V196.3zM64 245.7C54.04 256.9 48 271.8 48 288C48 304.2 54.04 319.1 64 330.3V245.7zM448 416V394.5C468 369.8 480 338.3 480 304C480 261.2 461.3 222.7 431.6 196.3C449.8 183.5 472 176 496 176H528C589.9 176 640 226.1 640 288C640 332.7 613.8 371.2 576 389.2V416C576 433.7 561.7 448 544 448H480C462.3 448 448 433.7 448 416zM576 330.3C585.1 319.1 592 304.2 592 288C592 271.8 585.1 256.9 576 245.7V330.3zM568 88C568 118.9 542.9 144 512 144C481.1 144 456 118.9 456 88C456 57.07 481.1 32 512 32C542.9 32 568 57.07 568 88zM256 96C256 60.65 284.7 32 320 32C355.3 32 384 60.65 384 96C384 131.3 355.3 160 320 160C284.7 160 256 131.3 256 96zM448 304C448 348.7 421.8 387.2 384 405.2V448C384 465.7 369.7 480 352 480H288C270.3 480 256 465.7 256 448V405.2C218.2 387.2 192 348.7 192 304C192 242.1 242.1 192 304 192H336C397.9 192 448 242.1 448 304zM256 346.3V261.7C246 272.9 240 287.8 240 304C240 320.2 246 335.1 256 346.3zM384 261.7V346.3C393.1 335 400 320.2 400 304C400 287.8 393.1 272.9 384 261.7z\"><\/path><\/svg><\/div><div class=\"uagb-ifb-title-wrap\"><h3 class=\"uagb-ifb-title\"><strong><strong>TRIOS<\/strong><\/strong><\/h3><\/div><\/div><\/div><\/div>\n\n\n\n<div class=\"wp-block-uagb-info-box uagb-block-3c48bda4 uagb-infobox__content-wrap  uagb-infobox-icon-above-title uagb-infobox-image-valign-top wp-block-uagb-info-box--has-margin\"><div class=\"uagb-infobox-margin-wrapper\"><div class=\"uagb-ifb-content\"><div class=\"uagb-ifb-icon-wrap\"><svg xmlns=\"https:\/\/www.w3.org\/2000\/svg\" viewBox=\"0 0 640 512\"><path d=\"M32 399.1c0 26.51 21.49 47.1 47.1 47.1h287.1c19.57 0 36.34-11.75 43.81-28.56L32 121.8L32 399.1zM630.8 469.1l-89.21-69.92l15.99 11.02c21.22 14.59 50.41-.2971 50.41-25.8V127.5c0-25.41-29.07-40.37-50.39-25.76l-109.6 75.56l.0001 148.5l-32-25.08l.0001-188.7c0-26.51-21.49-47.1-47.1-47.1H113.9L38.81 5.111C34.41 1.673 29.19 0 24.03 0C16.91 0 9.84 3.158 5.121 9.189C-3.066 19.63-1.249 34.72 9.189 42.89l591.1 463.1c10.5 8.203 25.57 6.328 33.69-4.078C643.1 492.4 641.2 477.3 630.8 469.1z\"><\/path><\/svg><\/div><div class=\"uagb-ifb-title-wrap\"><h3 class=\"uagb-ifb-title\"><strong><strong>FILM PRIVADO<\/strong><\/strong><\/h3><\/div><\/div><\/div><\/div>\n\n\n\n<div class=\"wp-block-uagb-info-box uagb-block-39fce092 uagb-infobox__content-wrap  uagb-infobox-icon-above-title uagb-infobox-image-valign-top wp-block-uagb-info-box--has-margin\"><div class=\"uagb-infobox-margin-wrapper\"><div class=\"uagb-ifb-content\"><div class=\"uagb-ifb-icon-wrap\"><svg xmlns=\"https:\/\/www.w3.org\/2000\/svg\" viewBox=\"0 0 640 512\"><path d=\"M623.5 164C638.1 172.6 644.6 192.1 635.1 207.5C627.4 222.1 607.9 228.6 592.5 219.1L319.1 68.61L47.54 219.1C32.09 228.6 12.61 222.1 4.025 207.5C-4.558 192.1 1.008 172.6 16.46 164L304.5 4.027C314.1-1.342 325.9-1.342 335.5 4.027L623.5 164zM279.1 200C279.1 177.9 297.9 160 319.1 160C342.1 160 359.1 177.9 359.1 200C359.1 222.1 342.1 240 319.1 240C297.9 240 279.1 222.1 279.1 200zM103.1 296C103.1 273.9 121.9 256 143.1 256C166.1 256 183.1 273.9 183.1 296C183.1 318.1 166.1 336 143.1 336C121.9 336 103.1 318.1 103.1 296V296zM535.1 296C535.1 318.1 518.1 336 495.1 336C473.9 336 455.1 318.1 455.1 296C455.1 273.9 473.9 256 495.1 256C518.1 256 535.1 273.9 535.1 296zM226.9 491.4L199.1 441.5V480C199.1 497.7 185.7 512 167.1 512H119.1C102.3 512 87.1 497.7 87.1 480V441.5L61.13 491.4C54.84 503 40.29 507.4 28.62 501.1C16.95 494.8 12.58 480.3 18.87 468.6L56.74 398.3C72.09 369.8 101.9 352 134.2 352H153.8C170.1 352 185.7 356.5 199.2 364.6L232.7 302.3C248.1 273.8 277.9 255.1 310.2 255.1H329.8C362.1 255.1 391.9 273.8 407.3 302.3L440.8 364.6C454.3 356.5 469.9 352 486.2 352H505.8C538.1 352 567.9 369.8 583.3 398.3L621.1 468.6C627.4 480.3 623 494.8 611.4 501.1C599.7 507.4 585.2 503 578.9 491.4L551.1 441.5V480C551.1 497.7 537.7 512 519.1 512H471.1C454.3 512 439.1 497.7 439.1 480V441.5L413.1 491.4C406.8 503 392.3 507.4 380.6 501.1C368.1 494.8 364.6 480.3 370.9 468.6L407.2 401.1C405.5 399.5 404 397.6 402.9 395.4L375.1 345.5V400C375.1 417.7 361.7 432 343.1 432H295.1C278.3 432 263.1 417.7 263.1 400V345.5L237.1 395.4C235.1 397.6 234.5 399.5 232.8 401.1L269.1 468.6C275.4 480.3 271 494.8 259.4 501.1C247.7 507.4 233.2 503 226.9 491.4H226.9z\"><\/path><\/svg><\/div><div class=\"uagb-ifb-title-wrap\"><h3 class=\"uagb-ifb-title\"><strong><strong>CUCKOLDING<\/strong><\/strong><\/h3><\/div><\/div><\/div><\/div>\n<\/div><\/div>\n\n\n\n<div class=\"wp-block-uagb-container uagb-block-aa65sjsu alignfull uagb-is-root-container\"><div class=\"uagb-container-inner-blocks-wrap\">\n<div class=\"wp-block-uagb-info-box uagb-block-fpzur0to uagb-infobox__content-wrap  uagb-infobox-icon-above-title uagb-infobox-image-valign-top\"><div class=\"uagb-ifb-content\"><div class=\"uagb-ifb-title-wrap\"><p class=\"uagb-ifb-title-prefix\">MANTENTE CONECTADO CON NOSOTROS<\/p><h3 class=\"uagb-ifb-title\">D\u00e9janos Hacerlo Realidad<\/h3><\/div><p class=\"uagb-ifb-desc\">Con\u00e9ctate con nosotros y descubre c\u00f3mo podemos convertir tus fantas\u00edas en momentos \u00fanicos. Estamos aqu\u00ed para ofrecerte una experiencia inolvidable que despierta tus sentidos y supera todas tus expectativas.<\/p><\/div><\/div>\n\n\n\n<div class=\"wp-block-uagb-container uagb-block-38ade86c\">\n<div class=\"banner-safe\">\n    <a target=\"_blank\" href=\"https:\/\/massagerepublic.com\/male-escorts-in-barcelona\/juan-lucho-9e5d3fd9-958c-49ed-b51e-0441ba315f83\">\n        <img decoding=\"async\" src=\"https:\/\/static.massagerepublic.com\/b\/mr-wide.jpg\" alt=\"banner\">\n    <\/a>\n<\/div>\n<\/div>\n<\/div><\/div>\n","protected":false},"excerpt":{"rendered":"","protected":false},"author":1,"featured_media":0,"parent":0,"menu_order":0,"comment_status":"closed","ping_status":"closed","template":"","meta":{"_uag_custom_page_level_css":"","site-sidebar-layout":"default","site-content-layout":"","ast-site-content-layout":"default","site-content-style":"default","site-sidebar-style":"default","ast-global-header-display":"","ast-banner-title-visibility":"","ast-main-header-display":"","ast-hfb-above-header-display":"","ast-hfb-below-header-display":"","ast-hfb-mobile-header-display":"","site-post-title":"disabled","ast-breadcrumbs-content":"","ast-featured-img":"","footer-sml-layout":"","ast-disable-related-posts":"","theme-transparent-header-meta":"","adv-header-id-meta":"","stick-header-meta":"","header-above-stick-meta":"","header-main-stick-meta":"","header-below-stick-meta":"","astra-migrate-meta-layouts":"default","ast-page-background-enabled":"default","ast-page-background-meta":{"desktop":{"background-color":"var(--ast-global-color-5)","background-image":"","background-repeat":"repeat","background-position":"center center","background-size":"auto","background-attachment":"scroll","background-type":"","background-media":"","overlay-type":"","overlay-color":"","overlay-opacity":"","overlay-gradient":""},"tablet":{"background-color":"","background-image":"","background-repeat":"repeat","background-position":"center center","background-size":"auto","background-attachment":"scroll","background-type":"","background-media":"","overlay-type":"","overlay-color":"","overlay-opacity":"","overlay-gradient":""},"mobile":{"background-color":"","background-image":"","background-repeat":"repeat","background-position":"center center","background-size":"auto","background-attachment":"scroll","background-type":"","background-media":"","overlay-type":"","overlay-color":"","overlay-opacity":"","overlay-gradient":""}},"ast-content-background-meta":{"desktop":{"background-color":"var(--ast-global-color-4)","background-image":"","background-repeat":"repeat","background-position":"center center","background-size":"auto","background-attachment":"scroll","background-type":"","background-media":"","overlay-type":"","overlay-color":"","overlay-opacity":"","overlay-gradient":""},"tablet":{"background-color":"var(--ast-global-color-4)","background-image":"","background-repeat":"repeat","background-position":"center center","background-size":"auto","background-attachment":"scroll","background-type":"","background-media":"","overlay-type":"","overlay-color":"","overlay-opacity":"","overlay-gradient":""},"mobile":{"background-color":"var(--ast-global-color-4)","background-image":"","background-repeat":"repeat","background-position":"center center","background-size":"auto","background-attachment":"scroll","background-type":"","background-media":"","overlay-type":"","overlay-color":"","overlay-opacity":"","overlay-gradient":""}},"footnotes":""},"class_list":["post-8","page","type-page","status-publish","hentry"],"uagb_featured_image_src":{"full":false,"thumbnail":false,"medium":false,"medium_large":false,"large":false,"1536x1536":false,"2048x2048":false},"uagb_author_info":{"display_name":"admin","author_link":"https:\/\/luchogigolo.com\/?author=1"},"uagb_comment_info":0,"uagb_excerpt":null,"_links":{"self":[{"href":"https:\/\/luchogigolo.com\/index.php?rest_route=\/wp\/v2\/pages\/8","targetHints":{"allow":["GET"]}}],"collection":[{"href":"https:\/\/luchogigolo.com\/index.php?rest_route=\/wp\/v2\/pages"}],"about":[{"href":"https:\/\/luchogigolo.com\/index.php?rest_route=\/wp\/v2\/types\/page"}],"author":[{"embeddable":true,"href":"https:\/\/luchogigolo.com\/index.php?rest_route=\/wp\/v2\/users\/1"}],"replies":[{"embeddable":true,"href":"https:\/\/luchogigolo.com\/index.php?rest_route=%2Fwp%2Fv2%2Fcomments&post=8"}],"version-history":[{"count":88,"href":"https:\/\/luchogigolo.com\/index.php?rest_route=\/wp\/v2\/pages\/8\/revisions"}],"predecessor-version":[{"id":759,"href":"https:\/\/luchogigolo.com\/index.php?rest_route=\/wp\/v2\/pages\/8\/revisions\/759"}],"wp:attachment":[{"href":"https:\/\/luchogigolo.com\/index.php?rest_route=%2Fwp%2Fv2%2Fmedia&parent=8"}],"curies":[{"name":"wp","href":"https:\/\/api.w.org\/{rel}","templated":true}]}}