{"id":229,"date":"2026-03-18T11:33:47","date_gmt":"2026-03-18T11:33:47","guid":{"rendered":"https:\/\/luchogigolo.com\/?page_id=229"},"modified":"2026-04-08T08:36:06","modified_gmt":"2026-04-08T08:36:06","slug":"servicios","status":"publish","type":"page","link":"https:\/\/luchogigolo.com\/?page_id=229","title":{"rendered":"Servicios"},"content":{"rendered":"\n<div class=\"wp-block-uagb-container uagb-block-unrmkm9o alignfull uagb-is-root-container\"><div class=\"uagb-container-inner-blocks-wrap\">\n<div class=\"wp-block-uagb-info-box uagb-block-6fwpwmr9 uagb-infobox__content-wrap  uagb-infobox-icon-above-title uagb-infobox-image-valign-top\"><div class=\"uagb-ifb-content\"><div class=\"uagb-ifb-title-wrap\"><h1 class=\"uagb-ifb-title\"><strong>Servicios de Acompa\u00f1antes Masculinos Premium y Gigolos en Barcelon<\/strong>a<\/h1><\/div><\/div><\/div>\n<\/div><\/div>\n\n\n\n<div class=\"wp-block-uagb-container uagb-block-uwykhy9g alignfull uagb-is-root-container\"><div class=\"uagb-container-inner-blocks-wrap\">\n<div class=\"wp-block-uagb-info-box uagb-block-1mje8qkj uagb-infobox__content-wrap  uagb-infobox-icon-above-title uagb-infobox-image-valign-top\"><div class=\"uagb-ifb-content\"><div class=\"uagb-ifb-title-wrap\"><h2 class=\"uagb-ifb-title\"><strong>Experiencias \u00danicas Exclusivas para Mujeres y Parejas<\/strong><\/h2><\/div><\/div><\/div>\n\n\n\n<div class=\"wp-block-uagb-container uagb-layout-grid uagb-block-h96fyqy3\">\n<div class=\"wp-block-uagb-container uagb-block-ts5sg4lq\">\n<div class=\"wp-block-uagb-image alignleft uagb-block-ywzd6uud wp-block-uagb-image--layout-default wp-block-uagb-image--effect-static wp-block-uagb-image--align-left\"><figure class=\"wp-block-uagb-image__figure\"><img decoding=\"async\" srcset=\"https:\/\/luchogigolo.com\/wp-content\/uploads\/2026\/03\/handsome-elegant-male-sensual-woman-posing-luxury-restaurant.jpg ,https:\/\/luchogigolo.com\/wp-content\/uploads\/2026\/03\/handsome-elegant-male-sensual-woman-posing-luxury-restaurant.jpg 780w, https:\/\/luchogigolo.com\/wp-content\/uploads\/2026\/03\/handsome-elegant-male-sensual-woman-posing-luxury-restaurant.jpg 360w\" sizes=\"auto, (max-width: 480px) 150px\" src=\"https:\/\/luchogigolo.com\/wp-content\/uploads\/2026\/03\/handsome-elegant-male-sensual-woman-posing-luxury-restaurant.jpg\" alt=\"\" class=\"uag-image-332\" width=\"340\" height=\"260\" title=\"handsome-elegant-male-sensual-woman-posing-luxury-restaurant\" loading=\"lazy\" role=\"img\"\/><\/figure><\/div>\n\n\n\n<div class=\"wp-block-uagb-info-box uagb-block-v7idire4 uagb-infobox__content-wrap  uagb-infobox-icon-above-title uagb-infobox-image-valign-top\"><div class=\"uagb-ifb-content\"><div class=\"uagb-ifb-title-wrap\"><h3 class=\"uagb-ifb-title\">Eventos<\/h3><\/div><p class=\"uagb-ifb-desc\">Acompa\u00f1antes seleccionados para elevar cualquier ocasi\u00f3n social.<br>Nuestros chicos combinan presencia, educaci\u00f3n y carisma para integrarse con naturalidad en eventos privados, celebraciones, cenas de gala o encuentros corporativos.<br>Discreci\u00f3n absoluta, conversaci\u00f3n interesante y una imagen impecable que aporta seguridad y distinci\u00f3n a tu velada.<\/p><\/div><\/div>\n<\/div>\n\n\n\n<div class=\"wp-block-uagb-container uagb-block-jm3qiwwt\">\n<div class=\"wp-block-uagb-image alignleft uagb-block-b1rp5slr wp-block-uagb-image--layout-default wp-block-uagb-image--effect-static wp-block-uagb-image--align-left\"><figure class=\"wp-block-uagb-image__figure\"><img decoding=\"async\" srcset=\"https:\/\/luchogigolo.com\/wp-content\/uploads\/2026\/03\/young-couple-shearing-their-intimacy-moments.jpg ,https:\/\/luchogigolo.com\/wp-content\/uploads\/2026\/03\/young-couple-shearing-their-intimacy-moments.jpg 780w, https:\/\/luchogigolo.com\/wp-content\/uploads\/2026\/03\/young-couple-shearing-their-intimacy-moments.jpg 360w\" sizes=\"auto, (max-width: 480px) 150px\" src=\"https:\/\/luchogigolo.com\/wp-content\/uploads\/2026\/03\/young-couple-shearing-their-intimacy-moments.jpg\" alt=\"\" class=\"uag-image-333\" width=\"339\" height=\"260\" title=\"young-couple-shearing-their-intimacy-moments\" loading=\"lazy\" role=\"img\"\/><\/figure><\/div>\n\n\n\n<div class=\"wp-block-uagb-info-box uagb-block-utgp3tyi uagb-infobox__content-wrap  uagb-infobox-icon-above-title uagb-infobox-image-valign-top\"><div class=\"uagb-ifb-content\"><div class=\"uagb-ifb-title-wrap\"><h3 class=\"uagb-ifb-title\">Masajes Er\u00f3ticos<\/h3><\/div><p class=\"uagb-ifb-desc\">Un espacio \u00edntimo donde el tacto se convierte en arte.<br>Nuestros acompa\u00f1antes ofrecen experiencias sensoriales cuidadosamente dise\u00f1adas para despertar la relajaci\u00f3n y la conexi\u00f3n corporal.<br>Ambiente cuidado, ritmo pausado y atenci\u00f3n plena a cada detalle para crear un momento de placer elegante y exclusivo.<\/p><\/div><\/div>\n<\/div>\n\n\n\n<div class=\"wp-block-uagb-container uagb-block-riapftfl\">\n<div class=\"wp-block-uagb-image alignleft uagb-block-jdpin5pd wp-block-uagb-image--layout-default wp-block-uagb-image--effect-static wp-block-uagb-image--align-left\"><figure class=\"wp-block-uagb-image__figure\"><img decoding=\"async\" srcset=\"https:\/\/luchogigolo.com\/wp-content\/uploads\/2026\/03\/cuckolding.jpg ,https:\/\/luchogigolo.com\/wp-content\/uploads\/2026\/03\/cuckolding.jpg 780w, https:\/\/luchogigolo.com\/wp-content\/uploads\/2026\/03\/cuckolding.jpg 360w\" sizes=\"auto, (max-width: 480px) 150px\" src=\"https:\/\/luchogigolo.com\/wp-content\/uploads\/2026\/03\/cuckolding.jpg\" alt=\"\" class=\"uag-image-334\" width=\"331\" height=\"260\" title=\"cuckolding\" loading=\"lazy\" role=\"img\"\/><\/figure><\/div>\n\n\n\n<div class=\"wp-block-uagb-info-box uagb-block-gfefwduh uagb-infobox__content-wrap  uagb-infobox-icon-above-title uagb-infobox-image-valign-top\"><div class=\"uagb-ifb-content\"><div class=\"uagb-ifb-title-wrap\"><h3 class=\"uagb-ifb-title\">Cuckolding Experience<\/h3><\/div><p class=\"uagb-ifb-desc\">Experiencias dise\u00f1adas para quienes desean explorar din\u00e1micas de pareja basadas en la confianza, el juego de roles y la intensidad emocional.<br>Nuestros acompa\u00f1antes act\u00faan con total respeto hacia los l\u00edmites establecidos, priorizando la comunicaci\u00f3n y el consentimiento para que la vivencia sea sofisticada, segura y memorable.<\/p><\/div><\/div>\n<\/div>\n\n\n\n<div class=\"wp-block-uagb-container uagb-block-a4q3bgiq\">\n<div class=\"wp-block-uagb-image alignleft uagb-block-xajxgu9x wp-block-uagb-image--layout-default wp-block-uagb-image--effect-static wp-block-uagb-image--align-left\"><figure class=\"wp-block-uagb-image__figure\"><img decoding=\"async\" srcset=\"https:\/\/luchogigolo.com\/wp-content\/uploads\/2026\/03\/trios-1.jpg ,https:\/\/luchogigolo.com\/wp-content\/uploads\/2026\/03\/trios-1.jpg 780w, https:\/\/luchogigolo.com\/wp-content\/uploads\/2026\/03\/trios-1.jpg 360w\" sizes=\"auto, (max-width: 480px) 150px\" src=\"https:\/\/luchogigolo.com\/wp-content\/uploads\/2026\/03\/trios-1.jpg\" alt=\"\" class=\"uag-image-338\" width=\"352\" height=\"260\" title=\"trios\" loading=\"lazy\" role=\"img\"\/><\/figure><\/div>\n\n\n\n<div class=\"wp-block-uagb-info-box uagb-block-i7tmqodz uagb-infobox__content-wrap  uagb-infobox-icon-above-title uagb-infobox-image-valign-top\"><div class=\"uagb-ifb-content\"><div class=\"uagb-ifb-title-wrap\"><h3 class=\"uagb-ifb-title\">Tr\u00edos<\/h3><\/div><p class=\"uagb-ifb-desc\">Una experiencia compartida donde la complicidad y la qu\u00edmica son protagonistas.<br>Seleccionamos perfiles compatibles para crear un encuentro arm\u00f3nico, equilibrado y estimulante.<br>Cada experiencia se adapta a las preferencias del cliente, manteniendo siempre la elegancia, el respeto y la confidencialidad.<\/p><\/div><\/div>\n<\/div>\n\n\n\n<div class=\"wp-block-uagb-container uagb-block-etjoxwbu\">\n<div class=\"wp-block-uagb-image alignleft uagb-block-ljalcy7d wp-block-uagb-image--layout-default wp-block-uagb-image--effect-static wp-block-uagb-image--align-left\"><figure class=\"wp-block-uagb-image__figure\"><img decoding=\"async\" srcset=\"https:\/\/luchogigolo.com\/wp-content\/uploads\/2026\/03\/Gang.jpg ,https:\/\/luchogigolo.com\/wp-content\/uploads\/2026\/03\/Gang.jpg 780w, https:\/\/luchogigolo.com\/wp-content\/uploads\/2026\/03\/Gang.jpg 360w\" sizes=\"auto, (max-width: 480px) 150px\" src=\"https:\/\/luchogigolo.com\/wp-content\/uploads\/2026\/03\/Gang.jpg\" alt=\"\" class=\"uag-image-340\" width=\"352\" height=\"260\" title=\"Gang\" loading=\"lazy\" role=\"img\"\/><\/figure><\/div>\n\n\n\n<div class=\"wp-block-uagb-info-box uagb-block-skwdm21j uagb-infobox__content-wrap  uagb-infobox-icon-above-title uagb-infobox-image-valign-top\"><div class=\"uagb-ifb-content\"><div class=\"uagb-ifb-title-wrap\"><h3 class=\"uagb-ifb-title\">Gangbangs<\/h3><\/div><p class=\"uagb-ifb-desc\">Organizaci\u00f3n privada de encuentros grupales cuidadosamente coordinados.<br>La log\u00edstica, selecci\u00f3n de perfiles y gesti\u00f3n de tiempos se realiza con profesionalidad y discreci\u00f3n absoluta.<br>Se establecen previamente normas claras para garantizar una experiencia intensa, controlada y respetuosa.<br><\/p><\/div><\/div>\n<\/div>\n\n\n\n<div class=\"wp-block-uagb-container uagb-block-fmv5pcmf\">\n<div class=\"wp-block-uagb-image alignleft uagb-block-8cpgxnht wp-block-uagb-image--layout-default wp-block-uagb-image--effect-static wp-block-uagb-image--align-left\"><figure class=\"wp-block-uagb-image__figure\"><img decoding=\"async\" srcset=\"https:\/\/luchogigolo.com\/wp-content\/uploads\/2026\/03\/viajes.jpg ,https:\/\/luchogigolo.com\/wp-content\/uploads\/2026\/03\/viajes.jpg 780w, https:\/\/luchogigolo.com\/wp-content\/uploads\/2026\/03\/viajes.jpg 360w\" sizes=\"auto, (max-width: 480px) 150px\" src=\"https:\/\/luchogigolo.com\/wp-content\/uploads\/2026\/03\/viajes.jpg\" alt=\"\" class=\"uag-image-342\" width=\"352\" height=\"260\" title=\"viajes\" loading=\"lazy\" role=\"img\"\/><\/figure><\/div>\n\n\n\n<div class=\"wp-block-uagb-info-box uagb-block-ltcjb0bd uagb-infobox__content-wrap  uagb-infobox-icon-above-title uagb-infobox-image-valign-top\"><div class=\"uagb-ifb-content\"><div class=\"uagb-ifb-title-wrap\"><h3 class=\"uagb-ifb-title\">Viajes<\/h3><\/div><p class=\"uagb-ifb-desc\">Acompa\u00f1amiento exclusivo para escapadas nacionales e internacionales.<br>Nuestros chicos ofrecen presencia, atenci\u00f3n personalizada y disponibilidad para disfrutar de experiencias \u00fanicas en destinos selectos.<br>Ideal para viajes de ocio, eventos especiales o simplemente para compartir tiempo de calidad en un entorno diferente.<\/p><\/div><\/div>\n<\/div>\n<\/div>\n\n\n\n<div class=\"wp-block-uagb-container uagb-block-032486e8\">\n<div class=\"wp-block-uagb-image alignleft uagb-block-2ccb2e57 wp-block-uagb-image--layout-default wp-block-uagb-image--effect-static wp-block-uagb-image--align-left\"><figure class=\"wp-block-uagb-image__figure\"><img decoding=\"async\" srcset=\"https:\/\/luchogigolo.com\/wp-content\/uploads\/2026\/03\/peliculas.jpg ,https:\/\/luchogigolo.com\/wp-content\/uploads\/2026\/03\/peliculas.jpg 780w, https:\/\/luchogigolo.com\/wp-content\/uploads\/2026\/03\/peliculas.jpg 360w\" sizes=\"auto, (max-width: 480px) 150px\" src=\"https:\/\/luchogigolo.com\/wp-content\/uploads\/2026\/03\/peliculas.jpg\" alt=\"\" class=\"uag-image-366\" width=\"352\" height=\"260\" title=\"peliculas\" loading=\"lazy\" role=\"img\"\/><\/figure><\/div>\n\n\n\n<div class=\"wp-block-uagb-info-box uagb-block-2bdf37f2 uagb-infobox__content-wrap  uagb-infobox-icon-above-title uagb-infobox-image-valign-top\"><div class=\"uagb-ifb-content\"><div class=\"uagb-ifb-title-wrap\"><h3 class=\"uagb-ifb-title\">Pel\u00edcula Privada<\/h3><\/div><p class=\"uagb-ifb-desc\">Producci\u00f3n personalizada de contenido \u00edntimo para clientes que desean una experiencia cinematogr\u00e1fica exclusiva.<br>Desde la planificaci\u00f3n hasta la ejecuci\u00f3n, cada detalle se cuida con profesionalidad, confidencialidad y un enfoque est\u00e9tico de alta calidad.<br><\/p><\/div><\/div>\n<\/div>\n<\/div><\/div>\n\n\n\n<div class=\"wp-block-uagb-container uagb-block-aa65sjsu alignfull uagb-is-root-container\"><div class=\"uagb-container-inner-blocks-wrap\">\n<div class=\"wp-block-uagb-info-box uagb-block-fpzur0to uagb-infobox__content-wrap  uagb-infobox-icon-above-title uagb-infobox-image-valign-top\"><div class=\"uagb-ifb-content\"><div class=\"uagb-ifb-title-wrap\"><p class=\"uagb-ifb-title-prefix\">MANTENTE CONECTADO CON NOSOTROS<\/p><h3 class=\"uagb-ifb-title\">D\u00e9janos Hacerlo Realidad<\/h3><\/div><p class=\"uagb-ifb-desc\">Con\u00e9ctate con nosotros y descubre c\u00f3mo podemos convertir tus fantas\u00edas en momentos \u00fanicos. Estamos aqu\u00ed para ofrecerte una experiencia inolvidable que despierta tus sentidos y supera todas tus expectativas.<\/p><\/div><\/div>\n<\/div><\/div>\n","protected":false},"excerpt":{"rendered":"","protected":false},"author":1,"featured_media":0,"parent":0,"menu_order":0,"comment_status":"closed","ping_status":"closed","template":"","meta":{"_uag_custom_page_level_css":"","site-sidebar-layout":"default","site-content-layout":"","ast-site-content-layout":"default","site-content-style":"default","site-sidebar-style":"default","ast-global-header-display":"","ast-banner-title-visibility":"","ast-main-header-display":"","ast-hfb-above-header-display":"","ast-hfb-below-header-display":"","ast-hfb-mobile-header-display":"","site-post-title":"disabled","ast-breadcrumbs-content":"","ast-featured-img":"","footer-sml-layout":"","ast-disable-related-posts":"","theme-transparent-header-meta":"","adv-header-id-meta":"","stick-header-meta":"","header-above-stick-meta":"","header-main-stick-meta":"","header-below-stick-meta":"","astra-migrate-meta-layouts":"default","ast-page-background-enabled":"default","ast-page-background-meta":{"desktop":{"background-color":"var(--ast-global-color-5)","background-image":"","background-repeat":"repeat","background-position":"center center","background-size":"auto","background-attachment":"scroll","background-type":"","background-media":"","overlay-type":"","overlay-color":"","overlay-opacity":"","overlay-gradient":""},"tablet":{"background-color":"","background-image":"","background-repeat":"repeat","background-position":"center center","background-size":"auto","background-attachment":"scroll","background-type":"","background-media":"","overlay-type":"","overlay-color":"","overlay-opacity":"","overlay-gradient":""},"mobile":{"background-color":"","background-image":"","background-repeat":"repeat","background-position":"center center","background-size":"auto","background-attachment":"scroll","background-type":"","background-media":"","overlay-type":"","overlay-color":"","overlay-opacity":"","overlay-gradient":""}},"ast-content-background-meta":{"desktop":{"background-color":"var(--ast-global-color-4)","background-image":"","background-repeat":"repeat","background-position":"center center","background-size":"auto","background-attachment":"scroll","background-type":"","background-media":"","overlay-type":"","overlay-color":"","overlay-opacity":"","overlay-gradient":""},"tablet":{"background-color":"var(--ast-global-color-4)","background-image":"","background-repeat":"repeat","background-position":"center center","background-size":"auto","background-attachment":"scroll","background-type":"","background-media":"","overlay-type":"","overlay-color":"","overlay-opacity":"","overlay-gradient":""},"mobile":{"background-color":"var(--ast-global-color-4)","background-image":"","background-repeat":"repeat","background-position":"center center","background-size":"auto","background-attachment":"scroll","background-type":"","background-media":"","overlay-type":"","overlay-color":"","overlay-opacity":"","overlay-gradient":""}},"footnotes":""},"class_list":["post-229","page","type-page","status-publish","hentry"],"uagb_featured_image_src":{"full":false,"thumbnail":false,"medium":false,"medium_large":false,"large":false,"1536x1536":false,"2048x2048":false},"uagb_author_info":{"display_name":"admin","author_link":"https:\/\/luchogigolo.com\/?author=1"},"uagb_comment_info":0,"uagb_excerpt":null,"_links":{"self":[{"href":"https:\/\/luchogigolo.com\/index.php?rest_route=\/wp\/v2\/pages\/229","targetHints":{"allow":["GET"]}}],"collection":[{"href":"https:\/\/luchogigolo.com\/index.php?rest_route=\/wp\/v2\/pages"}],"about":[{"href":"https:\/\/luchogigolo.com\/index.php?rest_route=\/wp\/v2\/types\/page"}],"author":[{"embeddable":true,"href":"https:\/\/luchogigolo.com\/index.php?rest_route=\/wp\/v2\/users\/1"}],"replies":[{"embeddable":true,"href":"https:\/\/luchogigolo.com\/index.php?rest_route=%2Fwp%2Fv2%2Fcomments&post=229"}],"version-history":[{"count":22,"href":"https:\/\/luchogigolo.com\/index.php?rest_route=\/wp\/v2\/pages\/229\/revisions"}],"predecessor-version":[{"id":692,"href":"https:\/\/luchogigolo.com\/index.php?rest_route=\/wp\/v2\/pages\/229\/revisions\/692"}],"wp:attachment":[{"href":"https:\/\/luchogigolo.com\/index.php?rest_route=%2Fwp%2Fv2%2Fmedia&parent=229"}],"curies":[{"name":"wp","href":"https:\/\/api.w.org\/{rel}","templated":true}]}}